{"id":321,"date":"2019-05-15T12:33:19","date_gmt":"2019-05-15T09:33:19","guid":{"rendered":"https:\/\/drtolgatuzuner.com\/?page_id=321"},"modified":"2019-09-21T15:35:20","modified_gmt":"2019-09-21T12:35:20","slug":"blog","status":"publish","type":"page","link":"https:\/\/drtolgatuzuner.com\/en\/blog\/","title":{"rendered":"Blog"},"content":{"rendered":"<section class=\"wpb-content-wrapper\"><div class=\"vc_row wpb_row vc_row-fluid\"><div class=\"wpb_column vc_column_container vc_col-sm-12\"><div class=\"vc_column-inner\"><div class=\"wpb_wrapper\"><div class=\"vc_row wpb_row vc_inner vc_row-fluid\"><div class=\"wpb_column vc_column_container vc_col-sm-12\"><div class=\"vc_column-inner\"><div class=\"wpb_wrapper\">\n<div class=\"vc_grid-container-wrapper vc_clearfix vc_grid-animation-fadeIn\">\n\t<div class=\"vc_grid-container vc_clearfix wpb_content_element vc_basic_grid\" data-initial-loading-animation=\"fadeIn\" data-vc-grid-settings=\"{&quot;page_id&quot;:321,&quot;style&quot;:&quot;all&quot;,&quot;action&quot;:&quot;vc_get_vc_grid_data&quot;,&quot;shortcode_id&quot;:&quot;1557912782146-6cfca8a6-e7a9-8&quot;,&quot;tag&quot;:&quot;vc_basic_grid&quot;}\" data-vc-request=\"https:\/\/drtolgatuzuner.com\/wp-admin\/admin-ajax.php\" data-vc-post-id=\"321\" data-vc-public-nonce=\"f47ef1a062\">\n\t\t<style data-type=\"vc_shortcodes-custom-css\">.vc_custom_1419240516480{background-color: #f9f9f9 !important;}<\/style><div class=\"vc_grid vc_row vc_grid-gutter-30px vc_pageable-wrapper vc_hook_hover\" data-vc-pageable-content=\"true\"><div class=\"vc_pageable-slide-wrapper vc_clearfix\" data-vc-grid-content=\"true\"><div class=\"vc_grid-item vc_clearfix vc_col-sm-6 vc_grid-item-zone-c-bottom\"><div class=\"vc_grid-item-mini vc_clearfix\"><div class=\"vc_gitem-animated-block\" ><div class=\"vc_gitem-zone vc_gitem-zone-a vc-gitem-zone-height-mode-auto vc-gitem-zone-height-mode-auto-1-1 vc_gitem-is-link\" style=\"background-image: url('https:\/\/drtolgatuzuner.com\/wp-content\/uploads\/2024\/08\/kalca-cikigi-nedir.jpg') !important;\"><a href=\"https:\/\/drtolgatuzuner.com\/en\/what-is-hip-dislocation\/\" title=\"What is Hip Dislocation?\" class=\"vc_gitem-link vc-zone-link\" ><\/a><img decoding=\"async\" src=\"https:\/\/drtolgatuzuner.com\/wp-content\/uploads\/2024\/08\/kalca-cikigi-nedir.jpg\" class=\"vc_gitem-zone-img\" alt=\"What is Hip Dislocation?\"><div class=\"vc_gitem-zone-mini\"><\/div><\/div><\/div><div class=\"vc_gitem-zone vc_gitem-zone-c vc_custom_1419240516480\"><div class=\"vc_gitem-zone-mini\"><div class=\"vc_gitem_row vc_row vc_gitem-row-position-top\"><div class=\"vc_col-sm-12 vc_gitem-col vc_gitem-col-align-\"><div class=\"vc_custom_heading vc_gitem-post-data vc_gitem-post-data-source-post_title\" ><h4 style=\"text-align: left\" >What is Hip Dislocation?<\/h4><\/div><div class=\"vc_custom_heading vc_gitem-post-data vc_gitem-post-data-source-post_excerpt\" ><p style=\"text-align: left\" ><p>It is a condition in which the head of the thigh bone (femur) comes completely out of the hip joint. It usually occurs due to congenital (congenital) or traumatic reasons. Congenital hip dislocation in babies&nbsp;<a href=\"https:\/\/drtolgatuzuner.com\/en\/what-is-hip-dislocation\/\">\u2026<\/a><\/p>\n<\/p><\/div><div class=\"vc_btn3-container vc_btn3-left\"><a class=\"vc_general vc_btn3 vc_btn3-size-md vc_btn3-shape-rounded vc_btn3-style-flat vc_btn3-color-juicy-pink\" a href=\"https:\/\/drtolgatuzuner.com\/en\/what-is-hip-dislocation\/\" title=\"Read more\">Read more<\/a><\/div><\/div><\/div><\/div><\/div><\/div><div class=\"vc_clearfix\"><\/div><\/div><div class=\"vc_grid-item vc_clearfix vc_col-sm-6 vc_grid-item-zone-c-bottom\"><div class=\"vc_grid-item-mini vc_clearfix\"><div class=\"vc_gitem-animated-block\" ><div class=\"vc_gitem-zone vc_gitem-zone-a vc-gitem-zone-height-mode-auto vc-gitem-zone-height-mode-auto-1-1 vc_gitem-is-link\" style=\"background-image: url('https:\/\/drtolgatuzuner.com\/wp-content\/uploads\/2024\/08\/kemik-erimesi-tedavisi.jpg') !important;\"><a href=\"https:\/\/drtolgatuzuner.com\/en\/osteoporosis-treatment\/\" title=\"Osteoporosis Treatment\" class=\"vc_gitem-link vc-zone-link\" ><\/a><img decoding=\"async\" src=\"https:\/\/drtolgatuzuner.com\/wp-content\/uploads\/2024\/08\/kemik-erimesi-tedavisi.jpg\" class=\"vc_gitem-zone-img\" alt=\"Osteoporosis Treatment\"><div class=\"vc_gitem-zone-mini\"><\/div><\/div><\/div><div class=\"vc_gitem-zone vc_gitem-zone-c vc_custom_1419240516480\"><div class=\"vc_gitem-zone-mini\"><div class=\"vc_gitem_row vc_row vc_gitem-row-position-top\"><div class=\"vc_col-sm-12 vc_gitem-col vc_gitem-col-align-\"><div class=\"vc_custom_heading vc_gitem-post-data vc_gitem-post-data-source-post_title\" ><h4 style=\"text-align: left\" >Osteoporosis Treatment<\/h4><\/div><div class=\"vc_custom_heading vc_gitem-post-data vc_gitem-post-data-source-post_excerpt\" ><p style=\"text-align: left\" ><p>It is a disease characterized by bone tissue becoming weak and brittle. It usually occurs due to aging, hormonal changes and lifestyle factors.&nbsp;<a href=\"https:\/\/drtolgatuzuner.com\/en\/osteoporosis-treatment\/\">\u2026<\/a><\/p>\n<\/p><\/div><div class=\"vc_btn3-container vc_btn3-left\"><a class=\"vc_general vc_btn3 vc_btn3-size-md vc_btn3-shape-rounded vc_btn3-style-flat vc_btn3-color-juicy-pink\" a href=\"https:\/\/drtolgatuzuner.com\/en\/osteoporosis-treatment\/\" title=\"Read more\">Read more<\/a><\/div><\/div><\/div><\/div><\/div><\/div><div class=\"vc_clearfix\"><\/div><\/div><div class=\"vc_grid-item vc_clearfix vc_col-sm-6 vc_grid-item-zone-c-bottom\"><div class=\"vc_grid-item-mini vc_clearfix\"><div class=\"vc_gitem-animated-block\" ><div class=\"vc_gitem-zone vc_gitem-zone-a vc-gitem-zone-height-mode-auto vc-gitem-zone-height-mode-auto-1-1 vc_gitem-is-link\" style=\"background-image: url('https:\/\/drtolgatuzuner.com\/wp-content\/uploads\/2024\/07\/kalca-kirigi-nedir.jpg') !important;\"><a href=\"https:\/\/drtolgatuzuner.com\/en\/what-is-a-hip-fracture\/\" title=\"What is a Hip Fracture?\" class=\"vc_gitem-link vc-zone-link\" ><\/a><img decoding=\"async\" src=\"https:\/\/drtolgatuzuner.com\/wp-content\/uploads\/2024\/07\/kalca-kirigi-nedir.jpg\" class=\"vc_gitem-zone-img\" alt=\"What is a Hip Fracture?\"><div class=\"vc_gitem-zone-mini\"><\/div><\/div><\/div><div class=\"vc_gitem-zone vc_gitem-zone-c vc_custom_1419240516480\"><div class=\"vc_gitem-zone-mini\"><div class=\"vc_gitem_row vc_row vc_gitem-row-position-top\"><div class=\"vc_col-sm-12 vc_gitem-col vc_gitem-col-align-\"><div class=\"vc_custom_heading vc_gitem-post-data vc_gitem-post-data-source-post_title\" ><h4 style=\"text-align: left\" >What is a Hip Fracture?<\/h4><\/div><div class=\"vc_custom_heading vc_gitem-post-data vc_gitem-post-data-source-post_excerpt\" ><p style=\"text-align: left\" ><p>It is a fracture that occurs in the upper part of the thigh bone (femur), close to the hip joint. Hip fracture is usually caused by a fall, blow, or osteoporosis.&nbsp;<a href=\"https:\/\/drtolgatuzuner.com\/en\/what-is-a-hip-fracture\/\">\u2026<\/a><\/p>\n<\/p><\/div><div class=\"vc_btn3-container vc_btn3-left\"><a class=\"vc_general vc_btn3 vc_btn3-size-md vc_btn3-shape-rounded vc_btn3-style-flat vc_btn3-color-juicy-pink\" a href=\"https:\/\/drtolgatuzuner.com\/en\/what-is-a-hip-fracture\/\" title=\"Read more\">Read more<\/a><\/div><\/div><\/div><\/div><\/div><\/div><div class=\"vc_clearfix\"><\/div><\/div><div class=\"vc_grid-item vc_clearfix vc_col-sm-6 vc_grid-item-zone-c-bottom\"><div class=\"vc_grid-item-mini vc_clearfix\"><div class=\"vc_gitem-animated-block\" ><div class=\"vc_gitem-zone vc_gitem-zone-a vc-gitem-zone-height-mode-auto vc-gitem-zone-height-mode-auto-1-1 vc_gitem-is-link\" style=\"background-image: url('https:\/\/drtolgatuzuner.com\/wp-content\/uploads\/2020\/09\/artroskopik-cerrahi-nedir-1024x683.jpg') !important;\"><a href=\"https:\/\/drtolgatuzuner.com\/en\/what-is-arthroscopic-surgery\/\" title=\"What is Arthroscopic Surgery?\" class=\"vc_gitem-link vc-zone-link\" ><\/a><img decoding=\"async\" src=\"https:\/\/drtolgatuzuner.com\/wp-content\/uploads\/2020\/09\/artroskopik-cerrahi-nedir-1024x683.jpg\" class=\"vc_gitem-zone-img\" alt=\"What is Arthroscopic Surgery?\"><div class=\"vc_gitem-zone-mini\"><\/div><\/div><\/div><div class=\"vc_gitem-zone vc_gitem-zone-c vc_custom_1419240516480\"><div class=\"vc_gitem-zone-mini\"><div class=\"vc_gitem_row vc_row vc_gitem-row-position-top\"><div class=\"vc_col-sm-12 vc_gitem-col vc_gitem-col-align-\"><div class=\"vc_custom_heading vc_gitem-post-data vc_gitem-post-data-source-post_title\" ><h4 style=\"text-align: left\" >What is Arthroscopic Surgery?<\/h4><\/div><div class=\"vc_custom_heading vc_gitem-post-data vc_gitem-post-data-source-post_excerpt\" ><p style=\"text-align: left\" ><p>Arthroscopic surgery is used to treat problems within the joints, especially diseases in which we can intervene through one or more small holes by entering the joints with endoscopic systems.&nbsp;<a href=\"https:\/\/drtolgatuzuner.com\/en\/what-is-arthroscopic-surgery\/\">\u2026<\/a><\/p>\n<\/p><\/div><div class=\"vc_btn3-container vc_btn3-left\"><a class=\"vc_general vc_btn3 vc_btn3-size-md vc_btn3-shape-rounded vc_btn3-style-flat vc_btn3-color-juicy-pink\" a href=\"https:\/\/drtolgatuzuner.com\/en\/what-is-arthroscopic-surgery\/\" title=\"Read more\">Read more<\/a><\/div><\/div><\/div><\/div><\/div><\/div><div class=\"vc_clearfix\"><\/div><\/div><div class=\"vc_grid-item vc_clearfix vc_col-sm-6 vc_grid-item-zone-c-bottom\"><div class=\"vc_grid-item-mini vc_clearfix\"><div class=\"vc_gitem-animated-block\" ><div class=\"vc_gitem-zone vc_gitem-zone-a vc-gitem-zone-height-mode-auto vc-gitem-zone-height-mode-auto-1-1 vc_gitem-is-link\" style=\"background-image: url('https:\/\/drtolgatuzuner.com\/wp-content\/uploads\/2020\/06\/kirik-kemiklerin-kaynama-suresi-ne-kadardir-800x529.jpg') !important;\"><a href=\"https:\/\/drtolgatuzuner.com\/en\/how-long-does-it-take-for-broken-bones-to-heal\/\" title=\"How Long Does It Take for Broken Bones to Heal?\" class=\"vc_gitem-link vc-zone-link\" ><\/a><img decoding=\"async\" src=\"https:\/\/drtolgatuzuner.com\/wp-content\/uploads\/2020\/06\/kirik-kemiklerin-kaynama-suresi-ne-kadardir-800x529.jpg\" class=\"vc_gitem-zone-img\" alt=\"How Long Does It Take for Broken Bones to Heal?\"><div class=\"vc_gitem-zone-mini\"><\/div><\/div><\/div><div class=\"vc_gitem-zone vc_gitem-zone-c vc_custom_1419240516480\"><div class=\"vc_gitem-zone-mini\"><div class=\"vc_gitem_row vc_row vc_gitem-row-position-top\"><div class=\"vc_col-sm-12 vc_gitem-col vc_gitem-col-align-\"><div class=\"vc_custom_heading vc_gitem-post-data vc_gitem-post-data-source-post_title\" ><h4 style=\"text-align: left\" >How Long Does It Take for Broken Bones to Heal?<\/h4><\/div><div class=\"vc_custom_heading vc_gitem-post-data vc_gitem-post-data-source-post_excerpt\" ><p style=\"text-align: left\" ><p>The time it takes for fractures to heal varies depending on the age of the patient, the type of fracture, and the location of the broken bone. Healing of fractures takes an average of 6-16 weeks in adults.&nbsp;<a href=\"https:\/\/drtolgatuzuner.com\/en\/how-long-does-it-take-for-broken-bones-to-heal\/\">\u2026<\/a><\/p>\n<\/p><\/div><div class=\"vc_btn3-container vc_btn3-left\"><a class=\"vc_general vc_btn3 vc_btn3-size-md vc_btn3-shape-rounded vc_btn3-style-flat vc_btn3-color-juicy-pink\" a href=\"https:\/\/drtolgatuzuner.com\/en\/how-long-does-it-take-for-broken-bones-to-heal\/\" title=\"Read more\">Read more<\/a><\/div><\/div><\/div><\/div><\/div><\/div><div class=\"vc_clearfix\"><\/div><\/div><div class=\"vc_grid-item vc_clearfix vc_col-sm-6 vc_grid-item-zone-c-bottom\"><div class=\"vc_grid-item-mini vc_clearfix\"><div class=\"vc_gitem-animated-block\" ><div class=\"vc_gitem-zone vc_gitem-zone-a vc-gitem-zone-height-mode-auto vc-gitem-zone-height-mode-auto-1-1 vc_gitem-is-link\" style=\"background-image: url('https:\/\/drtolgatuzuner.com\/wp-content\/uploads\/2020\/04\/diz-eklemi-ve-spor-yaralanmalari-550x450.jpg') !important;\"><a href=\"https:\/\/drtolgatuzuner.com\/en\/knee-joint-and-sports-injuries\/\" title=\"Knee Joint and Sports Injuries\" class=\"vc_gitem-link vc-zone-link\" ><\/a><img decoding=\"async\" src=\"https:\/\/drtolgatuzuner.com\/wp-content\/uploads\/2020\/04\/diz-eklemi-ve-spor-yaralanmalari-550x450.jpg\" class=\"vc_gitem-zone-img\" alt=\"Knee Joint and Sports Injuries\"><div class=\"vc_gitem-zone-mini\"><\/div><\/div><\/div><div class=\"vc_gitem-zone vc_gitem-zone-c vc_custom_1419240516480\"><div class=\"vc_gitem-zone-mini\"><div class=\"vc_gitem_row vc_row vc_gitem-row-position-top\"><div class=\"vc_col-sm-12 vc_gitem-col vc_gitem-col-align-\"><div class=\"vc_custom_heading vc_gitem-post-data vc_gitem-post-data-source-post_title\" ><h4 style=\"text-align: left\" >Knee Joint and Sports Injuries<\/h4><\/div><div class=\"vc_custom_heading vc_gitem-post-data vc_gitem-post-data-source-post_excerpt\" ><p style=\"text-align: left\" ><p>Sports injuries are very common, especially in sporting activities. Particularly competitive individual and team sports can cause these types of injuries.&nbsp;<a href=\"https:\/\/drtolgatuzuner.com\/en\/knee-joint-and-sports-injuries\/\">\u2026<\/a><\/p>\n<\/p><\/div><div class=\"vc_btn3-container vc_btn3-left\"><a class=\"vc_general vc_btn3 vc_btn3-size-md vc_btn3-shape-rounded vc_btn3-style-flat vc_btn3-color-juicy-pink\" a href=\"https:\/\/drtolgatuzuner.com\/en\/knee-joint-and-sports-injuries\/\" title=\"Read more\">Read more<\/a><\/div><\/div><\/div><\/div><\/div><\/div><div class=\"vc_clearfix\"><\/div><\/div><div class=\"vc_grid-item vc_clearfix vc_col-sm-6 vc_grid-item-zone-c-bottom\"><div class=\"vc_grid-item-mini vc_clearfix\"><div class=\"vc_gitem-animated-block\" ><div class=\"vc_gitem-zone vc_gitem-zone-a vc-gitem-zone-height-mode-auto vc-gitem-zone-height-mode-auto-1-1 vc_gitem-is-link\" style=\"background-image: url('https:\/\/drtolgatuzuner.com\/wp-content\/uploads\/2020\/04\/dupuytren-743x452.png') !important;\"><a href=\"https:\/\/drtolgatuzuner.com\/en\/dupuytrens-disease\/\" title=\"Dupuytren&#039;s Disease\" class=\"vc_gitem-link vc-zone-link\" ><\/a><img decoding=\"async\" src=\"https:\/\/drtolgatuzuner.com\/wp-content\/uploads\/2020\/04\/dupuytren-743x452.png\" class=\"vc_gitem-zone-img\" alt=\"Dupuytren&#039;s Disease\"><div class=\"vc_gitem-zone-mini\"><\/div><\/div><\/div><div class=\"vc_gitem-zone vc_gitem-zone-c vc_custom_1419240516480\"><div class=\"vc_gitem-zone-mini\"><div class=\"vc_gitem_row vc_row vc_gitem-row-position-top\"><div class=\"vc_col-sm-12 vc_gitem-col vc_gitem-col-align-\"><div class=\"vc_custom_heading vc_gitem-post-data vc_gitem-post-data-source-post_title\" ><h4 style=\"text-align: left\" >Dupuytren&#039;s Disease<\/h4><\/div><div class=\"vc_custom_heading vc_gitem-post-data vc_gitem-post-data-source-post_excerpt\" ><p style=\"text-align: left\" ><p>Dupuytren&#039;s Disease is a hand deformity that usually develops over years. The condition affects a layer of tissue underlying the skin of your palm. under the skin&nbsp;<a href=\"https:\/\/drtolgatuzuner.com\/en\/dupuytrens-disease\/\">\u2026<\/a><\/p>\n<\/p><\/div><div class=\"vc_btn3-container vc_btn3-left\"><a class=\"vc_general vc_btn3 vc_btn3-size-md vc_btn3-shape-rounded vc_btn3-style-flat vc_btn3-color-juicy-pink\" a href=\"https:\/\/drtolgatuzuner.com\/en\/dupuytrens-disease\/\" title=\"Read more\">Read more<\/a><\/div><\/div><\/div><\/div><\/div><\/div><div class=\"vc_clearfix\"><\/div><\/div><div class=\"vc_grid-item vc_clearfix vc_col-sm-6 vc_grid-item-zone-c-bottom\"><div class=\"vc_grid-item-mini vc_clearfix\"><div class=\"vc_gitem-animated-block\" ><div class=\"vc_gitem-zone vc_gitem-zone-a vc-gitem-zone-height-mode-auto vc-gitem-zone-height-mode-auto-1-1 vc_gitem-is-link\" style=\"background-image: url('https:\/\/drtolgatuzuner.com\/wp-content\/uploads\/2020\/04\/tetikparmak-683x427.jpg') !important;\"><a href=\"https:\/\/drtolgatuzuner.com\/en\/trigger-finger-syndrome\/\" title=\"Trigger Finger Syndrome\" class=\"vc_gitem-link vc-zone-link\" ><\/a><img decoding=\"async\" src=\"https:\/\/drtolgatuzuner.com\/wp-content\/uploads\/2020\/04\/tetikparmak-683x427.jpg\" class=\"vc_gitem-zone-img\" alt=\"Trigger Finger Syndrome\"><div class=\"vc_gitem-zone-mini\"><\/div><\/div><\/div><div class=\"vc_gitem-zone vc_gitem-zone-c vc_custom_1419240516480\"><div class=\"vc_gitem-zone-mini\"><div class=\"vc_gitem_row vc_row vc_gitem-row-position-top\"><div class=\"vc_col-sm-12 vc_gitem-col vc_gitem-col-align-\"><div class=\"vc_custom_heading vc_gitem-post-data vc_gitem-post-data-source-post_title\" ><h4 style=\"text-align: left\" >Trigger Finger Syndrome<\/h4><\/div><div class=\"vc_custom_heading vc_gitem-post-data vc_gitem-post-data-source-post_excerpt\" ><p style=\"text-align: left\" ><p>Trigger finger is a condition that causes pain, stiffness, and locking when you bend and straighten your finger. In medical terms, it is also known as &quot;stenosing tenosynovitis&quot;.&nbsp;<a href=\"https:\/\/drtolgatuzuner.com\/en\/trigger-finger-syndrome\/\">\u2026<\/a><\/p>\n<\/p><\/div><div class=\"vc_btn3-container vc_btn3-left\"><a class=\"vc_general vc_btn3 vc_btn3-size-md vc_btn3-shape-rounded vc_btn3-style-flat vc_btn3-color-juicy-pink\" a href=\"https:\/\/drtolgatuzuner.com\/en\/trigger-finger-syndrome\/\" title=\"Read more\">Read more<\/a><\/div><\/div><\/div><\/div><\/div><\/div><div class=\"vc_clearfix\"><\/div><\/div><div class=\"vc_grid-item vc_clearfix vc_col-sm-6 vc_grid-item-zone-c-bottom\"><div class=\"vc_grid-item-mini vc_clearfix\"><div class=\"vc_gitem-animated-block\" ><div class=\"vc_gitem-zone vc_gitem-zone-a vc-gitem-zone-height-mode-auto vc-gitem-zone-height-mode-auto-1-1 vc_gitem-is-link\" style=\"background-image: url('https:\/\/drtolgatuzuner.com\/wp-content\/uploads\/2020\/04\/robotikkalca-983x737.jpg') !important;\"><a href=\"https:\/\/drtolgatuzuner.com\/en\/robotic-assisted-hip-prosthesis\/\" title=\"Robotic Assisted Hip Prosthesis\" class=\"vc_gitem-link vc-zone-link\" ><\/a><img decoding=\"async\" src=\"https:\/\/drtolgatuzuner.com\/wp-content\/uploads\/2020\/04\/robotikkalca-983x737.jpg\" class=\"vc_gitem-zone-img\" alt=\"Robotic Assisted Hip Prosthesis\"><div class=\"vc_gitem-zone-mini\"><\/div><\/div><\/div><div class=\"vc_gitem-zone vc_gitem-zone-c vc_custom_1419240516480\"><div class=\"vc_gitem-zone-mini\"><div class=\"vc_gitem_row vc_row vc_gitem-row-position-top\"><div class=\"vc_col-sm-12 vc_gitem-col vc_gitem-col-align-\"><div class=\"vc_custom_heading vc_gitem-post-data vc_gitem-post-data-source-post_title\" ><h4 style=\"text-align: left\" >Robotic Assisted Hip Prosthesis<\/h4><\/div><div class=\"vc_custom_heading vc_gitem-post-data vc_gitem-post-data-source-post_excerpt\" ><p style=\"text-align: left\" ><p>What is Robotic Assisted Hip Prosthesis? Hip replacement is a surgical procedure in which diseased parts of the hip joint are removed and replaced with artificial new parts.&nbsp;<a href=\"https:\/\/drtolgatuzuner.com\/en\/robotic-assisted-hip-prosthesis\/\">\u2026<\/a><\/p>\n<\/p><\/div><div class=\"vc_btn3-container vc_btn3-left\"><a class=\"vc_general vc_btn3 vc_btn3-size-md vc_btn3-shape-rounded vc_btn3-style-flat vc_btn3-color-juicy-pink\" a href=\"https:\/\/drtolgatuzuner.com\/en\/robotic-assisted-hip-prosthesis\/\" title=\"Read more\">Read more<\/a><\/div><\/div><\/div><\/div><\/div><\/div><div class=\"vc_clearfix\"><\/div><\/div><div class=\"vc_grid-item vc_clearfix vc_col-sm-6 vc_grid-item-zone-c-bottom\"><div class=\"vc_grid-item-mini vc_clearfix\"><div class=\"vc_gitem-animated-block\" ><div class=\"vc_gitem-zone vc_gitem-zone-a vc-gitem-zone-height-mode-auto vc-gitem-zone-height-mode-auto-1-1 vc_gitem-is-link\" style=\"background-image: url('https:\/\/drtolgatuzuner.com\/wp-content\/uploads\/2020\/04\/karpaltunel-823x533.jpg') !important;\"><a href=\"https:\/\/drtolgatuzuner.com\/en\/carpal-tunnel-syndrome-2\/\" title=\"Carpal Tunnel Syndrome\" class=\"vc_gitem-link vc-zone-link\" ><\/a><img decoding=\"async\" src=\"https:\/\/drtolgatuzuner.com\/wp-content\/uploads\/2020\/04\/karpaltunel-823x533.jpg\" class=\"vc_gitem-zone-img\" alt=\"Carpal Tunnel Syndrome\"><div class=\"vc_gitem-zone-mini\"><\/div><\/div><\/div><div class=\"vc_gitem-zone vc_gitem-zone-c vc_custom_1419240516480\"><div class=\"vc_gitem-zone-mini\"><div class=\"vc_gitem_row vc_row vc_gitem-row-position-top\"><div class=\"vc_col-sm-12 vc_gitem-col vc_gitem-col-align-\"><div class=\"vc_custom_heading vc_gitem-post-data vc_gitem-post-data-source-post_title\" ><h4 style=\"text-align: left\" >Carpal Tunnel Syndrome<\/h4><\/div><div class=\"vc_custom_heading vc_gitem-post-data vc_gitem-post-data-source-post_excerpt\" ><p style=\"text-align: left\" ><p>Carpal tunnel syndrome is a common condition that causes pain, numbness, and tingling in the hand and arm. The condition affects one of the major nerves in the hand&nbsp;<a href=\"https:\/\/drtolgatuzuner.com\/en\/carpal-tunnel-syndrome-2\/\">\u2026<\/a><\/p>\n<\/p><\/div><div class=\"vc_btn3-container vc_btn3-left\"><a class=\"vc_general vc_btn3 vc_btn3-size-md vc_btn3-shape-rounded vc_btn3-style-flat vc_btn3-color-juicy-pink\" a href=\"https:\/\/drtolgatuzuner.com\/en\/carpal-tunnel-syndrome-2\/\" title=\"Read more\">Read more<\/a><\/div><\/div><\/div><\/div><\/div><\/div><div class=\"vc_clearfix\"><\/div><\/div><\/div><\/div>\n\t<\/div>\n<\/div><\/div><\/div><\/div><\/div><\/div><\/div><\/div><\/div>\n<\/section>","protected":false},"excerpt":{"rendered":"Kal\u00e7a \u00c7\u0131k\u0131\u011f\u0131 Nedir?Uyluk kemi\u011finin (femur) ba\u015f\u0131n\u0131n kal\u00e7a ekleminden tamamen \u00e7\u0131kmas\u0131 durumudur. Genellikle do\u011fumsal (do\u011fu\u015ftan) veya travmatik nedenlerle olu\u015fur. Do\u011fumsal kal\u00e7a&nbsp;<a href=\"https:\/\/drtolgatuzuner.com\/en\/blog\/\">\u2026<\/a>","protected":false},"author":1,"featured_media":0,"parent":0,"menu_order":0,"comment_status":"closed","ping_status":"closed","template":"","meta":{"footnotes":""},"class_list":["post-321","page","type-page","status-publish","hentry","odd"],"_links":{"self":[{"href":"https:\/\/drtolgatuzuner.com\/en\/wp-json\/wp\/v2\/pages\/321","targetHints":{"allow":["GET"]}}],"collection":[{"href":"https:\/\/drtolgatuzuner.com\/en\/wp-json\/wp\/v2\/pages"}],"about":[{"href":"https:\/\/drtolgatuzuner.com\/en\/wp-json\/wp\/v2\/types\/page"}],"author":[{"embeddable":true,"href":"https:\/\/drtolgatuzuner.com\/en\/wp-json\/wp\/v2\/users\/1"}],"replies":[{"embeddable":true,"href":"https:\/\/drtolgatuzuner.com\/en\/wp-json\/wp\/v2\/comments?post=321"}],"version-history":[{"count":0,"href":"https:\/\/drtolgatuzuner.com\/en\/wp-json\/wp\/v2\/pages\/321\/revisions"}],"wp:attachment":[{"href":"https:\/\/drtolgatuzuner.com\/en\/wp-json\/wp\/v2\/media?parent=321"}],"curies":[{"name":"wp","href":"https:\/\/api.w.org\/{rel}","templated":true}]}}