{"id":224,"date":"2019-04-26T18:28:25","date_gmt":"2019-04-26T15:28:25","guid":{"rendered":"https:\/\/drtolgatuzuner.com\/?page_id=224"},"modified":"2019-11-29T14:51:32","modified_gmt":"2019-11-29T11:51:32","slug":"biyografi","status":"publish","type":"page","link":"https:\/\/drtolgatuzuner.com\/en\/biography\/","title":{"rendered":"Biography"},"content":{"rendered":"<ol>\n<li><b>Education Information<\/b><\/li>\n<\/ol>\n<table>\n<tbody>\n<tr>\n<td width=\"144\"><strong>Degree <\/strong><\/td>\n<td width=\"182\"><strong>Area<\/strong><\/td>\n<td width=\"243\"><strong>University <\/strong><\/td>\n<td width=\"117\"><strong>Year <\/strong><\/td>\n<\/tr>\n<tr>\n<td width=\"144\">Licence<\/td>\n<td width=\"182\">\u00a0medical School<\/td>\n<td width=\"243\">Uludag University<\/td>\n<td width=\"117\">1992<\/td>\n<\/tr>\n<tr>\n<td width=\"144\">Master&#039;s Degree<\/td>\n<td width=\"182\">\u00a0medical School<\/td>\n<td width=\"243\">Uludag University<\/td>\n<td width=\"117\">1992<\/td>\n<\/tr>\n<tr>\n<td width=\"144\">PhD\/Medical Specialist<\/td>\n<td width=\"182\">\u00a0Orthopedics-Traumatology<\/td>\n<td width=\"243\">Dicle University Faculty of Medicine<\/td>\n<td width=\"117\">1999<\/td>\n<\/tr>\n<tr>\n<td width=\"144\">Lecturer<\/td>\n<td width=\"182\">Orthopedics-Traumatology<\/td>\n<td width=\"243\">Abant \u0130.B.Univ, D\u00fczce Faculty of Medicine<\/td>\n<td width=\"117\">2001-2002<\/td>\n<\/tr>\n<tr>\n<td width=\"144\">Assistant professor.<\/td>\n<td width=\"182\">Orthopedics-Traumatology<\/td>\n<td width=\"243\">Abant \u0130.B.Univ, D\u00fczce Faculty of Medicine<\/td>\n<td width=\"117\">2002-2007<\/td>\n<\/tr>\n<tr>\n<td width=\"144\">Minor<\/td>\n<td width=\"182\">\u00a0Shoulder-Elbow Surgery<\/td>\n<td width=\"243\">Texas Health Science center, San Antonio, Texas, USA.<\/td>\n<td width=\"117\">2002-2003<\/td>\n<\/tr>\n<tr>\n<td width=\"144\">Education Faculty<\/td>\n<td width=\"182\">\u00a0ESL Level IV-V<\/td>\n<td width=\"243\">San Antonio College, Texas, USA<\/td>\n<td width=\"117\">2003<\/td>\n<\/tr>\n<tr>\n<td width=\"144\">Assoc. Dr.<\/td>\n<td width=\"182\">Orthopedics-Traumatology<\/td>\n<td width=\"243\">A.\u0130.B.Univ, Faculty of Medicine<\/td>\n<td width=\"117\">2007-2008<\/td>\n<\/tr>\n<tr>\n<td width=\"144\">Visiting-Fellow<\/td>\n<td width=\"182\">Arthroscopy-Knee Surgeon-New Technologies-Meniscus Scaffolds<\/td>\n<td width=\"243\">Linvatec Lab. Educate. Headquarters, Berlin, Germany<\/td>\n<td width=\"117\">2012<\/td>\n<\/tr>\n<tr>\n<td width=\"144\">Visiting-Fellow<\/td>\n<td width=\"182\">Cartilage Scaffolds-Nano Technologies-Education<\/td>\n<td width=\"243\">&nbsp;<\/p>\n<p>The Rizzoli Orthop. Institute, Bologna, Italy<\/p>\n<p>&nbsp;<\/td>\n<td width=\"117\">2013<\/td>\n<\/tr>\n<tr>\n<td width=\"144\">Visiting-Fellow<\/td>\n<td width=\"182\">Cartilage and Non-biological treatments, Education<\/td>\n<td width=\"243\">AMC (Amsterdam Academic Medical Center), Netherlands<\/td>\n<td width=\"117\">2014<\/td>\n<\/tr>\n<\/tbody>\n<\/table>\n<p><strong>2.Academic Titles<\/strong><\/p>\n<table>\n<tbody>\n<tr>\n<td width=\"98\"><strong>Title<\/strong><\/td>\n<td width=\"430\"><strong>Duty Station<\/strong><\/td>\n<td width=\"104\"><strong>Year <\/strong><\/td>\n<\/tr>\n<tr>\n<td width=\"98\">Research Asst.<\/td>\n<td width=\"430\">\u00a0Dicle University Faculty of Medicine<\/td>\n<td width=\"104\">1994-1999<\/td>\n<\/tr>\n<tr>\n<td width=\"98\">Expert<\/td>\n<td width=\"430\">\u00a0Ministry of Health<\/td>\n<td width=\"104\">1999-2001<\/td>\n<\/tr>\n<tr>\n<td width=\"98\">Lecturer Duty.<\/td>\n<td width=\"430\">\u00a0Abant \u0130.B.Univ, D\u00fczce Faculty of Medicine<\/td>\n<td width=\"104\">2001-2002<\/td>\n<\/tr>\n<tr>\n<td width=\"98\">Assistant professor.<\/td>\n<td width=\"430\">\u00a0Abant \u0130.B.Univ, D\u00fczce Faculty of Medicine, Head of Department<\/td>\n<td width=\"104\">2002-2007<\/td>\n<\/tr>\n<tr>\n<td width=\"98\">Assoc. Dr.<\/td>\n<td width=\"430\">\u00a0Abant \u0130.B.Univ, D\u00fczce Faculty of Medicine, Head of Department<\/td>\n<td width=\"104\">2007-2008<\/td>\n<\/tr>\n<tr>\n<td width=\"98\">Assoc. Dr.<\/td>\n<td width=\"430\">\u00a0TR Prime Ministry Foundation Gureba E\u011ft Ara\u015f Hospital-Clinic Chief<\/td>\n<td width=\"104\">2008-2010<\/td>\n<\/tr>\n<tr>\n<td width=\"98\">Associate Professor<\/td>\n<td width=\"430\">\u00a0Medicana International Istanbul<\/td>\n<td width=\"104\">2008-2009<\/td>\n<\/tr>\n<tr>\n<td width=\"98\">Assoc. Dr.<\/td>\n<td width=\"430\">\u00a0TC Health Department. Istanbul Education-Research. Hospital-Clinic Chief<\/td>\n<td width=\"104\">2010-2017<\/td>\n<\/tr>\n<tr>\n<td width=\"98\">Assoc. Dr.<\/td>\n<td width=\"430\">Ac\u0131badem Bak\u0131rk\u00f6y Hospital<\/td>\n<td width=\"104\">2017-2019<\/td>\n<\/tr>\n<tr>\n<td width=\"98\">Assoc. Dr.<\/td>\n<td width=\"430\">Ac\u0131badem M.Ali Ayd\u0131nlar University, SHMY<\/td>\n<td width=\"104\">2018-2019<\/td>\n<\/tr>\n<tr>\n<td width=\"98\">Prof. Dr.<\/td>\n<td width=\"430\">Ac\u0131badem Bak\u0131rk\u00f6y Hospital<\/td>\n<td width=\"104\">2019-<\/td>\n<\/tr>\n<\/tbody>\n<\/table>\n<p><strong>Supervised Doctoral Theses <\/strong><\/p>\n<ol>\n<li>Uygur AE, &#039;Oxford Phase 3 Unicompartmental Knee Prosthesis (Clinical and Radiological Results)&#039;, Medical Specialization Thesis, Istanbul 2016.<\/li>\n<li>\u00d6zyalva\u00e7 N, &#039;Treatment of intra-meniscus degenerations with ultrasonography-guided platelet-rich plasma (PRP) application&#039;, Medical Specialization Thesis, Istanbul 2015<\/li>\n<li>G\u00fcrp\u0131nar T, &#039;The effect of anterolateral ligament rupture on rotational stability and clinical results after anterior cruciate ligament reconstruction&#039;, Medical Specialization Thesis, Istanbul 2015.<\/li>\n<li>Obut A, &#039;The Effect of Nail-Channel Incompatibility on Clinical and Functional Results in the Treatment of Trochanteric Hip Fracture&#039;, Medical Specialization Thesis, Istanbul 2015.<\/li>\n<li>Topalhaf\u0131zo\u011flu S, &#039;Our Total Hip Prosthesis Applications in Coxarthrosis Cases&#039; (Mid-Term Results) Medical Specialization Thesis, Istanbul 2014.<\/li>\n<li>Barbaros G, &#039;Preoperative Planning in Total Hip Arthroplasty&#039;, Medical Specialization Thesis, Istanbul 2014.<\/li>\n<li>\u00c7ark\u00e7\u0131 E, &#039;Expansion Type Acetabular Component Total Hip Arthroplasty&#039; (Long Term Results), Istanbul 2013.<\/li>\n<li>Peker B, &#039;Our Osteosynthesis and Hemiarthroplasty Applications with Anatomical Locking Plate in Proximal Humerus Fractures&#039;, Medical Specialization Thesis, Istanbul 2013.<\/li>\n<li>Erdo\u011fan S, &#039;Evaluation of the Effect of Overcorrection on Coronal Balance in Lenke Type 1 Adolescent Idiopathic Scoliosis&#039;, Medical Specialization Thesis, Istanbul 2013.<\/li>\n<li>K\u0131v\u0131lc\u0131m H, &#039;Investigation of the Effect of Platelet-Rich Plasma on the Chronic Rotator Cuff Tear Model&#039;, (Biomechanical and Histopathological Experimental Study in Rats), Medical Specialization Thesis, Istanbul 2012.<\/li>\n<li>Bar\u0131\u015f A, &#039;The Effect of Treatment Methods Applied in Clavicle Fractures on Clavicle Length and Function&#039;, Medical Specialization Thesis, Istanbul 2010.<\/li>\n<li>Kahraman S, &#039;Evaluation of Long-Term Results of Treatment of Fractures Accompanying Ankle Syndesmosis Injury with ANK Nail&#039;, Medical Specialization Thesis, Istanbul 2009.<\/li>\n<li>\u00dclg\u00fcr M, &#039;The Effect of Strontium Ranelate on Fracture Healing&#039; (Experimental Study in Rats), Medical Specialization Thesis, D\u00fczce 2006.<\/li>\n<li>Karaca, E., \u201cThe Effect of N-Acetyl Cysteine and Vitamin E on Fracture Healing\u201d, D\u00fczce University, 2004.<\/li>\n<\/ol>","protected":false},"excerpt":{"rendered":"<p>Education Information Degree Recipient University Year Undergraduate Faculty of Medicine Uluda\u011f University 1992 Master&#039;s Degree Faculty of Medicine Uluda\u011f University 1992 Doctorate\/Medicine&nbsp;<a href=\"https:\/\/drtolgatuzuner.com\/en\/biography\/\">\u2026<\/a><\/p>","protected":false},"author":1,"featured_media":0,"parent":0,"menu_order":0,"comment_status":"closed","ping_status":"closed","template":"","meta":{"footnotes":""},"class_list":["post-224","page","type-page","status-publish","hentry","odd"],"_links":{"self":[{"href":"https:\/\/drtolgatuzuner.com\/en\/wp-json\/wp\/v2\/pages\/224","targetHints":{"allow":["GET"]}}],"collection":[{"href":"https:\/\/drtolgatuzuner.com\/en\/wp-json\/wp\/v2\/pages"}],"about":[{"href":"https:\/\/drtolgatuzuner.com\/en\/wp-json\/wp\/v2\/types\/page"}],"author":[{"embeddable":true,"href":"https:\/\/drtolgatuzuner.com\/en\/wp-json\/wp\/v2\/users\/1"}],"replies":[{"embeddable":true,"href":"https:\/\/drtolgatuzuner.com\/en\/wp-json\/wp\/v2\/comments?post=224"}],"version-history":[{"count":0,"href":"https:\/\/drtolgatuzuner.com\/en\/wp-json\/wp\/v2\/pages\/224\/revisions"}],"wp:attachment":[{"href":"https:\/\/drtolgatuzuner.com\/en\/wp-json\/wp\/v2\/media?parent=224"}],"curies":[{"name":"wp","href":"https:\/\/api.w.org\/{rel}","templated":true}]}}