{"id":224,"date":"2019-04-26T18:28:25","date_gmt":"2019-04-26T15:28:25","guid":{"rendered":"https:\/\/drtolgatuzuner.com\/?page_id=224"},"modified":"2019-11-29T14:51:32","modified_gmt":"2019-11-29T11:51:32","slug":"biyografi","status":"publish","type":"page","link":"https:\/\/drtolgatuzuner.com\/ar\/\u0633\u064a\u0631\u0629-\u0634\u062e\u0635\u064a\u0629\/","title":{"rendered":"\u0633\u064a\u0631\u0629 \u0634\u062e\u0635\u064a\u0629"},"content":{"rendered":"<ol>\n<li><b>\u0645\u0639\u0644\u0648\u0645\u0627\u062a \u0627\u0644\u062a\u0639\u0644\u064a\u0645<\/b><\/li>\n<\/ol>\n<table>\n<tbody>\n<tr>\n<td width=\"144\"><strong>\u062f\u0631\u062c\u0629 <\/strong><\/td>\n<td width=\"182\"><strong>\u0645\u0646\u0637\u0642\u0629<\/strong><\/td>\n<td width=\"243\"><strong>\u062c\u0627\u0645\u0639\u0629 <\/strong><\/td>\n<td width=\"117\"><strong>\u0633\u0646\u0629 <\/strong><\/td>\n<\/tr>\n<tr>\n<td width=\"144\">\u0631\u062e\u0635\u0629<\/td>\n<td width=\"182\">\u00a0\u0643\u0644\u064a\u0629 \u0627\u0644\u0637\u0628<\/td>\n<td width=\"243\">\u062c\u0627\u0645\u0639\u0629 \u0623\u0648\u0644\u0648\u062f\u0627\u063a<\/td>\n<td width=\"117\">1992<\/td>\n<\/tr>\n<tr>\n<td width=\"144\">\u0645\u0627\u062c\u064a\u0633\u062a\u064a\u0631<\/td>\n<td width=\"182\">\u00a0\u0643\u0644\u064a\u0629 \u0627\u0644\u0637\u0628<\/td>\n<td width=\"243\">\u062c\u0627\u0645\u0639\u0629 \u0623\u0648\u0644\u0648\u062f\u0627\u063a<\/td>\n<td width=\"117\">1992<\/td>\n<\/tr>\n<tr>\n<td width=\"144\">\u062f\u0643\u062a\u0648\u0631\u0627\u0647 \/ \u0623\u062e\u0635\u0627\u0626\u064a \u0637\u0628\u064a<\/td>\n<td width=\"182\">\u00a0\u062c\u0631\u0627\u062d\u0629 \u0627\u0644\u0639\u0638\u0627\u0645 \u0648\u0627\u0644\u0643\u0633\u0648\u0631<\/td>\n<td width=\"243\">\u0643\u0644\u064a\u0629 \u0627\u0644\u0637\u0628 \u0628\u062c\u0627\u0645\u0639\u0629 \u062f\u062c\u0644\u0629<\/td>\n<td width=\"117\">1999<\/td>\n<\/tr>\n<tr>\n<td width=\"144\">\u0645\u062d\u0627\u0636\u0631<\/td>\n<td width=\"182\">\u062c\u0631\u0627\u062d\u0629 \u0627\u0644\u0639\u0638\u0627\u0645 \u0648\u0627\u0644\u0643\u0633\u0648\u0631<\/td>\n<td width=\"243\">\u062c\u0627\u0645\u0639\u0629 \u0623\u0628\u0627\u0646\u062a\u060c \u0643\u0644\u064a\u0629 \u0627\u0644\u0637\u0628 \u0641\u064a \u062f\u0648\u0632\u062c\u064a<\/td>\n<td width=\"117\">2001-2002<\/td>\n<\/tr>\n<tr>\n<td width=\"144\">\u0627\u0633\u062a\u0627\u0630 \u0645\u0633\u0627\u0639\u062f.<\/td>\n<td width=\"182\">\u062c\u0631\u0627\u062d\u0629 \u0627\u0644\u0639\u0638\u0627\u0645 \u0648\u0627\u0644\u0643\u0633\u0648\u0631<\/td>\n<td width=\"243\">\u062c\u0627\u0645\u0639\u0629 \u0623\u0628\u0627\u0646\u062a\u060c \u0643\u0644\u064a\u0629 \u0627\u0644\u0637\u0628 \u0641\u064a \u062f\u0648\u0632\u062c\u064a<\/td>\n<td width=\"117\">2002-2007<\/td>\n<\/tr>\n<tr>\n<td width=\"144\">\u0635\u063a\u064a\u0631<\/td>\n<td width=\"182\">\u00a0\u062c\u0631\u0627\u062d\u0629 \u0627\u0644\u0643\u062a\u0641 \u0648\u0627\u0644\u0643\u0648\u0639<\/td>\n<td width=\"243\">\u0645\u0631\u0643\u0632 \u062a\u0643\u0633\u0627\u0633 \u0644\u0644\u0639\u0644\u0648\u0645 \u0627\u0644\u0635\u062d\u064a\u0629\u060c \u0633\u0627\u0646 \u0623\u0646\u0637\u0648\u0646\u064a\u0648\u060c \u062a\u0643\u0633\u0627\u0633\u060c \u0627\u0644\u0648\u0644\u0627\u064a\u0627\u062a \u0627\u0644\u0645\u062a\u062d\u062f\u0629 \u0627\u0644\u0623\u0645\u0631\u064a\u0643\u064a\u0629.<\/td>\n<td width=\"117\">2002-2003<\/td>\n<\/tr>\n<tr>\n<td width=\"144\">\u0643\u0644\u064a\u0629 \u0627\u0644\u062a\u0631\u0628\u064a\u0629<\/td>\n<td width=\"182\">\u00a0\u0627\u0644\u0644\u063a\u0629 \u0627\u0644\u0625\u0646\u062c\u0644\u064a\u0632\u064a\u0629 \u0643\u0644\u063a\u0629 \u062b\u0627\u0646\u064a\u0629 (ESL) \u0627\u0644\u0645\u0633\u062a\u0648\u0649 \u0627\u0644\u0631\u0627\u0628\u0639 \u0625\u0644\u0649 \u0627\u0644\u062e\u0627\u0645\u0633<\/td>\n<td width=\"243\">\u0643\u0644\u064a\u0629 \u0633\u0627\u0646 \u0623\u0646\u0637\u0648\u0646\u064a\u0648\u060c \u062a\u0643\u0633\u0627\u0633\u060c \u0627\u0644\u0648\u0644\u0627\u064a\u0627\u062a \u0627\u0644\u0645\u062a\u062d\u062f\u0629 \u0627\u0644\u0623\u0645\u0631\u064a\u0643\u064a\u0629<\/td>\n<td width=\"117\">2003<\/td>\n<\/tr>\n<tr>\n<td width=\"144\">\u0645\u0633\u0627\u0639\u062f. \u062f\u0643\u062a\u0648\u0631.<\/td>\n<td width=\"182\">\u062c\u0631\u0627\u062d\u0629 \u0627\u0644\u0639\u0638\u0627\u0645 \u0648\u0627\u0644\u0643\u0633\u0648\u0631<\/td>\n<td width=\"243\">A.I.B.Univ\u060c \u0643\u0644\u064a\u0629 \u0627\u0644\u0637\u0628<\/td>\n<td width=\"117\">2007-2008<\/td>\n<\/tr>\n<tr>\n<td width=\"144\">\u0632\u0645\u064a\u0644 \u0632\u0627\u0626\u0631<\/td>\n<td width=\"182\">\u062a\u0646\u0638\u064a\u0631 \u0627\u0644\u0645\u0641\u0627\u0635\u0644 - \u062c\u0631\u0627\u062d \u0627\u0644\u0631\u0643\u0628\u0629 - \u0627\u0644\u062a\u0642\u0646\u064a\u0627\u062a \u0627\u0644\u062c\u062f\u064a\u062f\u0629 - \u0633\u0642\u0627\u0644\u0627\u062a \u0627\u0644\u063a\u0636\u0631\u0648\u0641 \u0627\u0644\u0645\u0641\u0635\u0644\u064a<\/td>\n<td width=\"243\">\u0645\u062e\u062a\u0628\u0631 \u0644\u064a\u0646\u0641\u0627\u062a\u064a\u0643. \u062a\u0639\u0644\u064a\u0645. \u0627\u0644\u0645\u0642\u0631 \u0627\u0644\u0631\u0626\u064a\u0633\u064a\u060c \u0628\u0631\u0644\u064a\u0646\u060c \u0623\u0644\u0645\u0627\u0646\u064a\u0627<\/td>\n<td width=\"117\">2012<\/td>\n<\/tr>\n<tr>\n<td width=\"144\">\u0632\u0645\u064a\u0644 \u0632\u0627\u0626\u0631<\/td>\n<td width=\"182\">\u0633\u0642\u0627\u0644\u0627\u062a \u0627\u0644\u063a\u0636\u0627\u0631\u064a\u0641-\u062a\u0642\u0646\u064a\u0627\u062a \u0627\u0644\u0646\u0627\u0646\u0648-\u0627\u0644\u062a\u0639\u0644\u064a\u0645<\/td>\n<td width=\"243\">&nbsp;<\/p>\n<p>\u0631\u064a\u0632\u0648\u0644\u064a \u0623\u0648\u0631\u062b\u0648\u0628. \u0627\u0644\u0645\u0639\u0647\u062f\u060c \u0628\u0648\u0644\u0648\u0646\u064a\u0627\u060c \u0625\u064a\u0637\u0627\u0644\u064a\u0627<\/p>\n<p>&nbsp;<\/td>\n<td width=\"117\">2013<\/td>\n<\/tr>\n<tr>\n<td width=\"144\">\u0632\u0645\u064a\u0644 \u0632\u0627\u0626\u0631<\/td>\n<td width=\"182\">\u0627\u0644\u063a\u0636\u0631\u0648\u0641 \u0648\u0627\u0644\u0639\u0644\u0627\u062c\u0627\u062a \u063a\u064a\u0631 \u0627\u0644\u0628\u064a\u0648\u0644\u0648\u062c\u064a\u0629\u060c \u0627\u0644\u062a\u0639\u0644\u064a\u0645<\/td>\n<td width=\"243\">AMC (\u0645\u0631\u0643\u0632 \u0623\u0645\u0633\u062a\u0631\u062f\u0627\u0645 \u0627\u0644\u0637\u0628\u064a \u0627\u0644\u0623\u0643\u0627\u062f\u064a\u0645\u064a)\u060c \u0647\u0648\u0644\u0646\u062f\u0627<\/td>\n<td width=\"117\">2014<\/td>\n<\/tr>\n<\/tbody>\n<\/table>\n<p><strong>2. \u0627\u0644\u0623\u0644\u0642\u0627\u0628 \u0627\u0644\u0623\u0643\u0627\u062f\u064a\u0645\u064a\u0629<\/strong><\/p>\n<table>\n<tbody>\n<tr>\n<td width=\"98\"><strong>\u0639\u0646\u0648\u0627\u0646<\/strong><\/td>\n<td width=\"430\"><strong>\u0627\u0644\u062b\u0643\u0646\u0629 \u0627\u0644\u0639\u0633\u0643\u0631\u064a\u0629<\/strong><\/td>\n<td width=\"104\"><strong>\u0633\u0646\u0629 <\/strong><\/td>\n<\/tr>\n<tr>\n<td width=\"98\">\u0645\u0633\u0627\u0639\u062f \u0627\u0644\u0628\u062d\u062b.<\/td>\n<td width=\"430\">\u00a0\u0643\u0644\u064a\u0629 \u0627\u0644\u0637\u0628 \u0628\u062c\u0627\u0645\u0639\u0629 \u062f\u062c\u0644\u0629<\/td>\n<td width=\"104\">1994-1999<\/td>\n<\/tr>\n<tr>\n<td width=\"98\">\u062e\u0628\u064a\u0631<\/td>\n<td width=\"430\">\u00a0\u0648\u0632\u0627\u0631\u0629 \u0627\u0644\u0635\u062d\u0629<\/td>\n<td width=\"104\">1999-2001<\/td>\n<\/tr>\n<tr>\n<td width=\"98\">\u0645\u062d\u0627\u0636\u0631 \u0648\u0627\u062c\u0628.<\/td>\n<td width=\"430\">\u00a0\u062c\u0627\u0645\u0639\u0629 \u0623\u0628\u0627\u0646\u062a\u060c \u0643\u0644\u064a\u0629 \u0627\u0644\u0637\u0628 \u0641\u064a \u062f\u0648\u0632\u062c\u064a<\/td>\n<td width=\"104\">2001-2002<\/td>\n<\/tr>\n<tr>\n<td width=\"98\">\u0627\u0633\u062a\u0627\u0630 \u0645\u0633\u0627\u0639\u062f.<\/td>\n<td width=\"430\">\u00a0\u0623\u0628\u0627\u0646\u062a\u060c \u062c\u0627\u0645\u0639\u0629 \u062f\u0648\u0632\u062c\u0629\u060c \u0643\u0644\u064a\u0629 \u0627\u0644\u0637\u0628\u060c \u0631\u0626\u064a\u0633 \u0627\u0644\u0642\u0633\u0645<\/td>\n<td width=\"104\">2002-2007<\/td>\n<\/tr>\n<tr>\n<td width=\"98\">\u0645\u0633\u0627\u0639\u062f. \u062f\u0643\u062a\u0648\u0631.<\/td>\n<td width=\"430\">\u00a0\u0623\u0628\u0627\u0646\u062a\u060c \u062c\u0627\u0645\u0639\u0629 \u062f\u0648\u0632\u062c\u0629\u060c \u0643\u0644\u064a\u0629 \u0627\u0644\u0637\u0628\u060c \u0631\u0626\u064a\u0633 \u0627\u0644\u0642\u0633\u0645<\/td>\n<td width=\"104\">2007-2008<\/td>\n<\/tr>\n<tr>\n<td width=\"98\">\u0645\u0633\u0627\u0639\u062f. \u062f\u0643\u062a\u0648\u0631.<\/td>\n<td width=\"430\">\u00a0\u0645\u0624\u0633\u0633\u0629 \u0631\u0626\u064a\u0633 \u0627\u0644\u0648\u0632\u0631\u0627\u0621 TR Gureba E\u011ft Ara\u015f \u0631\u0626\u064a\u0633 \u0639\u064a\u0627\u062f\u0629 \u0627\u0644\u0645\u0633\u062a\u0634\u0641\u0649<\/td>\n<td width=\"104\">2008-2010<\/td>\n<\/tr>\n<tr>\n<td width=\"98\">\u0623\u0633\u062a\u0627\u0630 \u0645\u0634\u0627\u0631\u0643<\/td>\n<td width=\"430\">\u00a0\u0645\u064a\u062f\u064a\u0643\u0627\u0646\u0627 \u0627\u0646\u062a\u0631\u0646\u0627\u0634\u064a\u0648\u0646\u0627\u0644 \u0627\u0633\u0637\u0646\u0628\u0648\u0644<\/td>\n<td width=\"104\">2008-2009<\/td>\n<\/tr>\n<tr>\n<td width=\"98\">\u0645\u0633\u0627\u0639\u062f. \u062f\u0643\u062a\u0648\u0631.<\/td>\n<td width=\"430\">\u00a0\u0625\u062f\u0627\u0631\u0629 \u0627\u0644\u0635\u062d\u0629 TC \u0627\u0633\u0637\u0646\u0628\u0648\u0644 \u0627\u0644\u062a\u0639\u0644\u064a\u0645 \u0648\u0627\u0644\u0628\u062d\u0648\u062b. \u0631\u0626\u064a\u0633 \u0639\u064a\u0627\u062f\u0629 \u0627\u0644\u0645\u0633\u062a\u0634\u0641\u0649<\/td>\n<td width=\"104\">2010-2017<\/td>\n<\/tr>\n<tr>\n<td width=\"98\">\u0645\u0633\u0627\u0639\u062f. \u062f\u0643\u062a\u0648\u0631.<\/td>\n<td width=\"430\">\u0645\u0633\u062a\u0634\u0641\u0649 \u0623\u062c\u064a\u0628\u0627\u062f\u0645 \u0628\u0627\u0643\u064a\u0631\u0643\u0648\u064a<\/td>\n<td width=\"104\">2017-2019<\/td>\n<\/tr>\n<tr>\n<td width=\"98\">\u0645\u0633\u0627\u0639\u062f. \u062f\u0643\u062a\u0648\u0631.<\/td>\n<td width=\"430\">\u062c\u0627\u0645\u0639\u0629 Ac\u0131badem M.Ali Ayd\u0131nlar\u060c SHMY<\/td>\n<td width=\"104\">2018-2019<\/td>\n<\/tr>\n<tr>\n<td width=\"98\">\u0627\u0644\u0628\u0631\u0648\u0641\u064a\u0633\u0648\u0631 \u062f\u0643\u062a\u0648\u0631.<\/td>\n<td width=\"430\">\u0645\u0633\u062a\u0634\u0641\u0649 \u0623\u062c\u064a\u0628\u0627\u062f\u0645 \u0628\u0627\u0643\u064a\u0631\u0643\u0648\u064a<\/td>\n<td width=\"104\">2019-<\/td>\n<\/tr>\n<\/tbody>\n<\/table>\n<p><strong>\u0623\u0634\u0631\u0641 \u0639\u0644\u0649 \u0631\u0633\u0627\u0626\u0644 \u0627\u0644\u062f\u0643\u062a\u0648\u0631\u0627\u0647 <\/strong><\/p>\n<ol>\n<li>Uygur AE\u060c &#039;\u0627\u0644\u0645\u0631\u062d\u0644\u0629 \u0627\u0644\u062b\u0627\u0644\u062b\u0629 \u0645\u0646 \u062c\u0631\u0627\u062d\u0629 \u0623\u0643\u0633\u0641\u0648\u0631\u062f \u0644\u0644\u0631\u0643\u0628\u0629 \u0627\u0644\u0627\u0635\u0637\u0646\u0627\u0639\u064a\u0629 (\u0627\u0644\u0646\u062a\u0627\u0626\u062c \u0627\u0644\u0633\u0631\u064a\u0631\u064a\u0629 \u0648\u0627\u0644\u0625\u0634\u0639\u0627\u0639\u064a\u0629)&#039;\u060c \u0623\u0637\u0631\u0648\u062d\u0629 \u0627\u0644\u062a\u062e\u0635\u0635 \u0627\u0644\u0637\u0628\u064a\u060c \u0625\u0633\u0637\u0646\u0628\u0648\u0644 2016.<\/li>\n<li>\u0623\u0648\u0632\u064a\u0627\u0644\u0641\u0627\u062a\u0634 \u0646\u060c &quot;\u0639\u0644\u0627\u062c \u0627\u0644\u062a\u0646\u0643\u0633\u0627\u062a \u062f\u0627\u062e\u0644 \u0627\u0644\u063a\u0636\u0631\u0648\u0641 \u0627\u0644\u0645\u0641\u0635\u0644\u064a \u0628\u0627\u0633\u062a\u062e\u062f\u0627\u0645 \u0627\u0644\u0628\u0644\u0627\u0632\u0645\u0627 \u0627\u0644\u063a\u0646\u064a\u0629 \u0628\u0627\u0644\u0635\u0641\u0627\u0626\u062d \u0627\u0644\u062f\u0645\u0648\u064a\u0629 (PRP) \u0627\u0644\u0645\u0648\u062c\u0647\u0629 \u0628\u0627\u0644\u0645\u0648\u062c\u0627\u062a \u0641\u0648\u0642 \u0627\u0644\u0635\u0648\u062a\u064a\u0629&quot;\u060c \u0623\u0637\u0631\u0648\u062d\u0629 \u0627\u0644\u062a\u062e\u0635\u0635 \u0627\u0644\u0637\u0628\u064a\u060c \u0625\u0633\u0637\u0646\u0628\u0648\u0644 2015<\/li>\n<li>\u062c\u0648\u0631\u0628\u064a\u0646\u0627\u0631 \u062a\u064a\u060c &quot;\u062a\u0623\u062b\u064a\u0631 \u062a\u0645\u0632\u0642 \u0627\u0644\u0631\u0628\u0627\u0637 \u0627\u0644\u0623\u0645\u0627\u0645\u064a \u0627\u0644\u062c\u0627\u0646\u0628\u064a \u0639\u0644\u0649 \u0627\u0644\u0627\u0633\u062a\u0642\u0631\u0627\u0631 \u0627\u0644\u062f\u0648\u0631\u0627\u0646\u064a \u0648\u0627\u0644\u0646\u062a\u0627\u0626\u062c \u0627\u0644\u0633\u0631\u064a\u0631\u064a\u0629 \u0628\u0639\u062f \u0625\u0639\u0627\u062f\u0629 \u0628\u0646\u0627\u0621 \u0627\u0644\u0631\u0628\u0627\u0637 \u0627\u0644\u0635\u0644\u064a\u0628\u064a \u0627\u0644\u0623\u0645\u0627\u0645\u064a&quot;\u060c \u0623\u0637\u0631\u0648\u062d\u0629 \u0627\u0644\u062a\u062e\u0635\u0635 \u0627\u0644\u0637\u0628\u064a\u060c \u0625\u0633\u0637\u0646\u0628\u0648\u0644 2015.<\/li>\n<li>Obut A\u060c &quot;\u062a\u0623\u062b\u064a\u0631 \u0639\u062f\u0645 \u062a\u0648\u0627\u0641\u0642 \u0642\u0646\u0627\u0629 \u0627\u0644\u0623\u0638\u0627\u0641\u0631 \u0639\u0644\u0649 \u0627\u0644\u0646\u062a\u0627\u0626\u062c \u0627\u0644\u0633\u0631\u064a\u0631\u064a\u0629 \u0648\u0627\u0644\u0648\u0638\u064a\u0641\u064a\u0629 \u0641\u064a \u0639\u0644\u0627\u062c \u0643\u0633\u0631 \u0627\u0644\u0648\u0631\u0643 \u0627\u0644\u0645\u062f\u0648\u0631&quot;\u060c \u0623\u0637\u0631\u0648\u062d\u0629 \u0627\u0644\u062a\u062e\u0635\u0635 \u0627\u0644\u0637\u0628\u064a\u060c \u0627\u0633\u0637\u0646\u0628\u0648\u0644 2015.<\/li>\n<li>Topalhaf\u0131zo\u011flu S\u060c &quot;\u062a\u0637\u0628\u064a\u0642\u0627\u062a\u0646\u0627 \u0627\u0644\u0643\u0627\u0645\u0644\u0629 \u0644\u0623\u0637\u0631\u0627\u0641 \u0627\u0644\u0648\u0631\u0643 \u0627\u0644\u0627\u0635\u0637\u0646\u0627\u0639\u064a\u0629 \u0641\u064a \u062d\u0627\u0644\u0627\u062a \u062f\u0627\u0621 \u0645\u0641\u0635\u0644 \u0627\u0644\u0648\u0631\u0643&quot; (\u0646\u062a\u0627\u0626\u062c \u0645\u0646\u062a\u0635\u0641 \u0627\u0644\u0645\u062f\u0629) \u0623\u0637\u0631\u0648\u062d\u0629 \u0627\u0644\u062a\u062e\u0635\u0635 \u0627\u0644\u0637\u0628\u064a\u060c \u0625\u0633\u0637\u0646\u0628\u0648\u0644 2014.<\/li>\n<li>\u0628\u0627\u0631\u0628\u0627\u0631\u0648\u0633 \u062c\u064a\u060c &#039;\u0627\u0644\u062a\u062e\u0637\u064a\u0637 \u0642\u0628\u0644 \u0627\u0644\u062c\u0631\u0627\u062d\u0629 \u0641\u064a \u062c\u0631\u0627\u062d\u0629 \u0645\u0641\u0627\u0635\u0644 \u0627\u0644\u0648\u0631\u0643 \u0627\u0644\u0643\u0627\u0645\u0644\u0629&#039;\u060c \u0623\u0637\u0631\u0648\u062d\u0629 \u0627\u0644\u062a\u062e\u0635\u0635 \u0627\u0644\u0637\u0628\u064a\u060c \u0627\u0633\u0637\u0646\u0628\u0648\u0644 2014.<\/li>\n<li>\u00e7ark\u00e7\u0131 E\u060c &quot;\u0631\u0623\u0628 \u0645\u0641\u0627\u0635\u0644 \u0627\u0644\u0648\u0631\u0643 \u0627\u0644\u0643\u0644\u064a \u0644\u0644\u0645\u0643\u0648\u0646\u0627\u062a \u0627\u0644\u062d\u0642\u064a\u0629 \u0645\u0646 \u0627\u0644\u0646\u0648\u0639 \u0627\u0644\u0645\u0648\u0633\u0639&quot; (\u0646\u062a\u0627\u0626\u062c \u0637\u0648\u064a\u0644\u0629 \u0627\u0644\u0645\u062f\u0649)\u060c \u0625\u0633\u0637\u0646\u0628\u0648\u0644 2013.<\/li>\n<li>\u0628\u064a\u0643\u0631 \u0628\u064a\u060c &quot;\u062a\u0637\u0628\u064a\u0642\u0627\u062a\u0646\u0627 \u0641\u064a \u062a\u0631\u0643\u064a\u0628 \u0627\u0644\u0639\u0638\u0627\u0645 \u0648\u0631\u0623\u0628 \u0627\u0644\u0645\u0641\u0635\u0644 \u0627\u0644\u0646\u0635\u0641\u064a \u0645\u0639 \u0644\u0648\u062d\u0629 \u0627\u0644\u0642\u0641\u0644 \u0627\u0644\u062a\u0634\u0631\u064a\u062d\u064a\u0629 \u0641\u064a \u0643\u0633\u0648\u0631 \u0639\u0638\u0645 \u0627\u0644\u0639\u0636\u062f \u0627\u0644\u0642\u0631\u064a\u0628\u0629&quot;\u060c \u0623\u0637\u0631\u0648\u062d\u0629 \u0627\u0644\u062a\u062e\u0635\u0635 \u0627\u0644\u0637\u0628\u064a\u060c \u0625\u0633\u0637\u0646\u0628\u0648\u0644 2013.<\/li>\n<li>\u0623\u0631\u062f\u0648\u063a\u0627\u0646 \u0633\u060c &quot;\u062a\u0642\u064a\u064a\u0645 \u062a\u0623\u062b\u064a\u0631 \u0627\u0644\u062a\u0635\u062d\u064a\u062d \u0627\u0644\u0632\u0627\u0626\u062f \u0639\u0644\u0649 \u0627\u0644\u062a\u0648\u0627\u0632\u0646 \u0627\u0644\u062a\u0627\u062c\u064a \u0641\u064a \u062c\u0646\u0641 \u0644\u064a\u0646\u0643\u064a \u0645\u0646 \u0627\u0644\u0646\u0648\u0639 \u0627\u0644\u0623\u0648\u0644 \u0644\u062f\u0649 \u0627\u0644\u0645\u0631\u0627\u0647\u0642\u064a\u0646 \u0645\u062c\u0647\u0648\u0644 \u0627\u0644\u0633\u0628\u0628&quot;\u060c \u0623\u0637\u0631\u0648\u062d\u0629 \u0627\u0644\u062a\u062e\u0635\u0635 \u0627\u0644\u0637\u0628\u064a\u060c \u0625\u0633\u0637\u0646\u0628\u0648\u0644 2013.<\/li>\n<li>K\u0131v\u0131lc\u0131m H\u060c &quot;\u062f\u0631\u0627\u0633\u0629 \u062a\u0623\u062b\u064a\u0631 \u0627\u0644\u0628\u0644\u0627\u0632\u0645\u0627 \u0627\u0644\u063a\u0646\u064a\u0629 \u0628\u0627\u0644\u0635\u0641\u0627\u0626\u062d \u0627\u0644\u062f\u0645\u0648\u064a\u0629 \u0639\u0644\u0649 \u0646\u0645\u0648\u0630\u062c \u062a\u0645\u0632\u0642 \u0627\u0644\u0643\u0641\u0629 \u0627\u0644\u0645\u062f\u0648\u0631\u0629 \u0627\u0644\u0645\u0632\u0645\u0646\u0629&quot;\u060c (\u062f\u0631\u0627\u0633\u0629 \u062a\u062c\u0631\u064a\u0628\u064a\u0629 \u0645\u064a\u0643\u0627\u0646\u064a\u0643\u064a\u0629 \u062d\u064a\u0648\u064a\u0629 \u0648\u0646\u0633\u064a\u062c\u064a\u0629 \u0645\u0631\u0636\u064a\u0629 \u0641\u064a \u0627\u0644\u0641\u0626\u0631\u0627\u0646)\u060c \u0623\u0637\u0631\u0648\u062d\u0629 \u0627\u0644\u062a\u062e\u0635\u0635 \u0627\u0644\u0637\u0628\u064a\u060c \u0627\u0633\u0637\u0646\u0628\u0648\u0644 2012.<\/li>\n<li>\u0628\u0627\u0631\u064a\u0634 \u0623\u060c &quot;\u062a\u0623\u062b\u064a\u0631 \u0637\u0631\u0642 \u0627\u0644\u0639\u0644\u0627\u062c \u0627\u0644\u0645\u0637\u0628\u0642\u0629 \u0641\u064a \u0643\u0633\u0648\u0631 \u0627\u0644\u062a\u0631\u0642\u0648\u0629 \u0639\u0644\u0649 \u0637\u0648\u0644 \u0627\u0644\u062a\u0631\u0642\u0648\u0629 \u0648\u0648\u0638\u064a\u0641\u062a\u0647\u0627&quot;\u060c \u0623\u0637\u0631\u0648\u062d\u0629 \u0627\u0644\u062a\u062e\u0635\u0635 \u0627\u0644\u0637\u0628\u064a\u060c \u0627\u0633\u0637\u0646\u0628\u0648\u0644 2010.<\/li>\n<li>\u0643\u0647\u0631\u0645\u0627\u0646 \u0633\u060c &quot;\u062a\u0642\u064a\u064a\u0645 \u0627\u0644\u0646\u062a\u0627\u0626\u062c \u0637\u0648\u064a\u0644\u0629 \u0627\u0644\u0645\u062f\u0649 \u0644\u0639\u0644\u0627\u062c \u0627\u0644\u0643\u0633\u0648\u0631 \u0627\u0644\u0645\u0635\u0627\u062d\u0628\u0629 \u0644\u0625\u0635\u0627\u0628\u0629 \u0627\u0644\u0643\u0627\u062d\u0644 \u0628\u0645\u062a\u0644\u0627\u0632\u0645\u0629 ANK Nail&quot;\u060c \u0623\u0637\u0631\u0648\u062d\u0629 \u0627\u0644\u062a\u062e\u0635\u0635 \u0627\u0644\u0637\u0628\u064a\u060c \u0627\u0633\u0637\u0646\u0628\u0648\u0644 2009.<\/li>\n<li>\u0623\u0648\u0644\u063a\u0648\u0631 \u0645\u060c &quot;\u062a\u0623\u062b\u064a\u0631 \u0631\u0627\u0646\u064a\u0644\u0627\u062a \u0627\u0644\u0633\u062a\u0631\u0648\u0646\u062a\u064a\u0648\u0645 \u0639\u0644\u0649 \u0634\u0641\u0627\u0621 \u0627\u0644\u0643\u0633\u0648\u0631&quot; (\u062f\u0631\u0627\u0633\u0629 \u062a\u062c\u0631\u064a\u0628\u064a\u0629 \u0639\u0644\u0649 \u0627\u0644\u0641\u0626\u0631\u0627\u0646)\u060c \u0623\u0637\u0631\u0648\u062d\u0629 \u0627\u0644\u062a\u062e\u0635\u0635 \u0627\u0644\u0637\u0628\u064a\u060c \u062f\u0648\u0632\u062c\u064a 2006.<\/li>\n<li>\u0643\u0627\u0631\u0627\u062c\u0627\u060c \u0625\u064a.\u060c &quot;\u062a\u0623\u062b\u064a\u0631 N-\u0623\u0633\u064a\u062a\u064a\u0644 \u0633\u064a\u0633\u062a\u064a\u0646 \u0648\u0641\u064a\u062a\u0627\u0645\u064a\u0646 E \u0639\u0644\u0649 \u0634\u0641\u0627\u0621 \u0627\u0644\u0643\u0633\u0648\u0631&quot;\u060c \u062c\u0627\u0645\u0639\u0629 \u062f\u0648\u0632\u062c\u0629\u060c 2004.<\/li>\n<\/ol>","protected":false},"excerpt":{"rendered":"<p>\u0627\u0644\u062a\u0639\u0644\u064a\u0645 \u0627\u0644\u0645\u0639\u0644\u0648\u0645\u0627\u062a \u0627\u0644\u062f\u0631\u062c\u0629 \u0627\u0644\u062d\u0627\u0635\u0644 \u0639\u0644\u064a\u0647\u0627 \u0627\u0644\u0633\u0646\u0629 \u0627\u0644\u062c\u0627\u0645\u0639\u064a\u0629 \u0627\u0644\u0645\u0631\u062d\u0644\u0629 \u0627\u0644\u062c\u0627\u0645\u0639\u064a\u0629 \u0643\u0644\u064a\u0629 \u0627\u0644\u0637\u0628 \u062c\u0627\u0645\u0639\u0629 \u0623\u0648\u0644\u0648\u062f\u0627\u063a 1992 \u062f\u0631\u062c\u0629 \u0627\u0644\u0645\u0627\u062c\u0633\u062a\u064a\u0631 \u0643\u0644\u064a\u0629 \u0627\u0644\u0637\u0628 \u062c\u0627\u0645\u0639\u0629 \u0623\u0648\u0644\u0648\u062f\u0627\u063a 1992 \u0627\u0644\u062f\u0643\u062a\u0648\u0631\u0627\u0647\/\u0627\u0644\u0637\u0628&nbsp;<a href=\"https:\/\/drtolgatuzuner.com\/ar\/\u0633\u064a\u0631\u0629-\u0634\u062e\u0635\u064a\u0629\/\">\u2026<\/a><\/p>","protected":false},"author":1,"featured_media":0,"parent":0,"menu_order":0,"comment_status":"closed","ping_status":"closed","template":"","meta":{"footnotes":""},"class_list":["post-224","page","type-page","status-publish","hentry","odd"],"_links":{"self":[{"href":"https:\/\/drtolgatuzuner.com\/ar\/wp-json\/wp\/v2\/pages\/224","targetHints":{"allow":["GET"]}}],"collection":[{"href":"https:\/\/drtolgatuzuner.com\/ar\/wp-json\/wp\/v2\/pages"}],"about":[{"href":"https:\/\/drtolgatuzuner.com\/ar\/wp-json\/wp\/v2\/types\/page"}],"author":[{"embeddable":true,"href":"https:\/\/drtolgatuzuner.com\/ar\/wp-json\/wp\/v2\/users\/1"}],"replies":[{"embeddable":true,"href":"https:\/\/drtolgatuzuner.com\/ar\/wp-json\/wp\/v2\/comments?post=224"}],"version-history":[{"count":0,"href":"https:\/\/drtolgatuzuner.com\/ar\/wp-json\/wp\/v2\/pages\/224\/revisions"}],"wp:attachment":[{"href":"https:\/\/drtolgatuzuner.com\/ar\/wp-json\/wp\/v2\/media?parent=224"}],"curies":[{"name":"wp","href":"https:\/\/api.w.org\/{rel}","templated":true}]}}